{"id":1193,"date":"2022-02-01T11:09:09","date_gmt":"2022-02-01T11:09:09","guid":{"rendered":"https:\/\/crca-ti.com.mx\/index.php\/home\/"},"modified":"2026-04-28T16:29:21","modified_gmt":"2026-04-28T22:29:21","slug":"home","status":"publish","type":"page","link":"https:\/\/crca-ti.com.mx\/","title":{"rendered":"Home"},"content":{"rendered":"\n<div class=\"wp-block-uagb-container uagb-block-03e25c85 alignfull uagb-is-root-container\"><div class=\"uagb-container-inner-blocks-wrap\">\n<div class=\"wp-block-uagb-advanced-heading uagb-block-c243c415\"><h4 class=\"uagb-heading-text\"><img loading=\"lazy\" decoding=\"async\" width=\"150\" height=\"99\" class=\"wp-image-1608\" style=\"width: 150px;\" src=\"https:\/\/crca-ti.com.mx\/wp-content\/uploads\/2023\/09\/89267P101_566353f885d9416abceedd6048cfdf4f.png\" alt=\"\" srcset=\"https:\/\/crca-ti.com.mx\/wp-content\/uploads\/2023\/09\/89267P101_566353f885d9416abceedd6048cfdf4f.png 1051w, https:\/\/crca-ti.com.mx\/wp-content\/uploads\/2023\/09\/89267P101_566353f885d9416abceedd6048cfdf4f-600x398.png 600w, https:\/\/crca-ti.com.mx\/wp-content\/uploads\/2023\/09\/89267P101_566353f885d9416abceedd6048cfdf4f-500x332.png 500w, https:\/\/crca-ti.com.mx\/wp-content\/uploads\/2023\/09\/89267P101_566353f885d9416abceedd6048cfdf4f-300x199.png 300w, https:\/\/crca-ti.com.mx\/wp-content\/uploads\/2023\/09\/89267P101_566353f885d9416abceedd6048cfdf4f-1024x679.png 1024w, https:\/\/crca-ti.com.mx\/wp-content\/uploads\/2023\/09\/89267P101_566353f885d9416abceedd6048cfdf4f-768x509.png 768w\" sizes=\"auto, (max-width: 150px) 100vw, 150px\" \/>CRCA-TI TECNOLOG\u00cdA CERCA DE TI<\/h4><\/div>\n\n\n\n<div class=\"wp-block-uagb-advanced-heading uagb-block-581f5ff0\"><div class=\"uagb-heading-text\">                                                                    <strong><span style=\"color: #be9393;background-color: #f34957\" class=\"stk-highlight\"><mark style=\"background-color:rgba(0, 0, 0, 0);color:#ffffff\" class=\"has-inline-color\">PROXIMAMENTE TIENDA VIRTUAL DE ACCESORIOS,PAPELERIA Y EQUIPOS DE COMPUTO<\/mark><\/span><\/strong><\/div><\/div>\n\n\n\n<div class=\"wp-block-uagb-advanced-heading uagb-block-88577f44\"><h5 class=\"uagb-heading-text\">CONTACTANOS:\u200b<\/h5><\/div>\n\n\n\n<p><mark style=\"background-color:rgba(0, 0, 0, 0)\" class=\"has-inline-color has-ast-global-color-5-color\">TU MEJOR OPCI\u00d3N EN IMPRESORAS<\/mark>, <mark style=\"background-color:rgba(0, 0, 0, 0)\" class=\"has-inline-color has-ast-global-color-5-color\">LAPTOPS,ACCESORIOS,SOPORTE T\u00c9CNICO,VENTA DE SOFTWARE,RESPALDO DE INFORMACI\u00d3N<\/mark>.<\/p>\n\n\n\n<div class=\"wp-block-stackable-text stk-block-text stk-block stk-4ad4d47\" data-block-id=\"4ad4d47\"><p class=\"stk-block-text__text has-text-align-center\"><mark style=\"background-color:rgba(0, 0, 0, 0);color:#ffffff\" class=\"has-inline-color\">ALGUNOS DE NUESTROS CLIENTES:<\/mark><\/p><\/div>\n\n\n\n<figure class=\"wp-block-gallery has-nested-images columns-default is-cropped wp-block-gallery-1 is-layout-flex wp-block-gallery-is-layout-flex\">\n<figure class=\"wp-block-image size-large\"><img loading=\"lazy\" decoding=\"async\" width=\"702\" height=\"94\" data-id=\"1714\" src=\"https:\/\/crca-ti.com.mx\/wp-content\/uploads\/2026\/04\/CLIENTES.png\" alt=\"\" class=\"wp-image-1714\" srcset=\"https:\/\/crca-ti.com.mx\/wp-content\/uploads\/2026\/04\/CLIENTES.png 702w, https:\/\/crca-ti.com.mx\/wp-content\/uploads\/2026\/04\/CLIENTES-300x40.png 300w, https:\/\/crca-ti.com.mx\/wp-content\/uploads\/2026\/04\/CLIENTES-600x80.png 600w\" sizes=\"auto, (max-width: 702px) 100vw, 702px\" \/><\/figure>\n<\/figure>\n\n\n\n<div class=\"wp-block-uagb-icon-list uagb-block-90661c3e\"><div class=\"uagb-icon-list__wrap\">\n<div class=\"wp-block-uagb-icon-list-child uagb-block-9176a314\"><a target=\"_self\" aria-label=\"ventas@crca-ti.com.mx\u200b\" rel=\"noopener noreferrer\" href=\"#\"> <\/a><span class=\"uagb-icon-list__source-wrap\"><svg xmlns=\"https:\/\/www.w3.org\/2000\/svg\" viewBox=\"0 0 512 512\"><path d=\"M288 256C288 273.7 273.7 288 256 288C238.3 288 224 273.7 224 256C224 238.3 238.3 224 256 224C273.7 224 288 238.3 288 256zM112 256C112 176.5 176.5 112 256 112C335.5 112 400 176.5 400 256C400 335.5 335.5 400 256 400C176.5 400 112 335.5 112 256zM256 336C300.2 336 336 300.2 336 256C336 211.8 300.2 176 256 176C211.8 176 176 211.8 176 256C176 300.2 211.8 336 256 336zM512 256C512 397.4 397.4 512 256 512C114.6 512 0 397.4 0 256C0 114.6 114.6 0 256 0C397.4 0 512 114.6 512 256zM256 64C149.1 64 64 149.1 64 256C64 362 149.1 448 256 448C362 448 448 362 448 256C448 149.1 362 64 256 64z\"><\/path><\/svg><\/span><span class=\"uagb-icon-list__label\">ventas@crca-ti.com.mx\u200b<\/span><\/div>\n\n\n\n<div class=\"wp-block-uagb-icon-list-child uagb-block-0651d01a\"><a target=\"_self\" aria-label=\"Tel: 446-132-6517 \" rel=\"noopener noreferrer\" href=\"#\"> <\/a><span class=\"uagb-icon-list__source-wrap\"><svg xmlns=\"https:\/\/www.w3.org\/2000\/svg\" viewBox=\"0 0 512 512\"><path d=\"M288 256C288 273.7 273.7 288 256 288C238.3 288 224 273.7 224 256C224 238.3 238.3 224 256 224C273.7 224 288 238.3 288 256zM112 256C112 176.5 176.5 112 256 112C335.5 112 400 176.5 400 256C400 335.5 335.5 400 256 400C176.5 400 112 335.5 112 256zM256 336C300.2 336 336 300.2 336 256C336 211.8 300.2 176 256 176C211.8 176 176 211.8 176 256C176 300.2 211.8 336 256 336zM512 256C512 397.4 397.4 512 256 512C114.6 512 0 397.4 0 256C0 114.6 114.6 0 256 0C397.4 0 512 114.6 512 256zM256 64C149.1 64 64 149.1 64 256C64 362 149.1 448 256 448C362 448 448 362 448 256C448 149.1 362 64 256 64z\"><\/path><\/svg><\/span><span class=\"uagb-icon-list__label\">Tel: 446-132-6517 <\/span><\/div>\n\n\n\n<div class=\"wp-block-uagb-icon-list-child uagb-block-3079ecac\"><a target=\"_self\" aria-label=\"ventas@crca-ti.com.mx       \u200b\" rel=\"noopener noreferrer\" href=\"#\"> <\/a><span class=\"uagb-icon-list__source-wrap\"><svg xmlns=\"https:\/\/www.w3.org\/2000\/svg\" viewBox=\"0 0 512 512\"><path d=\"M288 256C288 273.7 273.7 288 256 288C238.3 288 224 273.7 224 256C224 238.3 238.3 224 256 224C273.7 224 288 238.3 288 256zM112 256C112 176.5 176.5 112 256 112C335.5 112 400 176.5 400 256C400 335.5 335.5 400 256 400C176.5 400 112 335.5 112 256zM256 336C300.2 336 336 300.2 336 256C336 211.8 300.2 176 256 176C211.8 176 176 211.8 176 256C176 300.2 211.8 336 256 336zM512 256C512 397.4 397.4 512 256 512C114.6 512 0 397.4 0 256C0 114.6 114.6 0 256 0C397.4 0 512 114.6 512 256zM256 64C149.1 64 64 149.1 64 256C64 362 149.1 448 256 448C362 448 448 362 448 256C448 149.1 362 64 256 64z\"><\/path><\/svg><\/span><span class=\"uagb-icon-list__label\">ventas@crca-ti.com.mx       \u200b<\/span><\/div>\n<\/div><\/div>\n<\/div><\/div>\n\n\n\n<div class=\"wp-block-uagb-container uagb-block-e2a9e61d alignfull uagb-is-root-container\"><div class=\"uagb-container-inner-blocks-wrap\">\n<div class=\"wp-block-uagb-advanced-heading uagb-block-5c3ea06b\"><h2 class=\"uagb-heading-text\">ARRENDAMIENTO DE IMPRESORAS<\/h2><\/div>\n\n\n\n<figure class=\"wp-block-gallery has-nested-images columns-default is-cropped wp-block-gallery-2 is-layout-flex wp-block-gallery-is-layout-flex\">\n<figure class=\"wp-block-image size-full\"><img loading=\"lazy\" decoding=\"async\" width=\"400\" height=\"400\" data-id=\"1621\" src=\"https:\/\/crca-ti.com.mx\/wp-content\/uploads\/2023\/09\/IMPRESORA-RICOH-MPC-5503.jpg\" alt=\"\" class=\"wp-image-1621\" srcset=\"https:\/\/crca-ti.com.mx\/wp-content\/uploads\/2023\/09\/IMPRESORA-RICOH-MPC-5503.jpg 400w, https:\/\/crca-ti.com.mx\/wp-content\/uploads\/2023\/09\/IMPRESORA-RICOH-MPC-5503-100x100.jpg 100w, https:\/\/crca-ti.com.mx\/wp-content\/uploads\/2023\/09\/IMPRESORA-RICOH-MPC-5503-300x300.jpg 300w, https:\/\/crca-ti.com.mx\/wp-content\/uploads\/2023\/09\/IMPRESORA-RICOH-MPC-5503-150x150.jpg 150w\" sizes=\"auto, (max-width: 400px) 100vw, 400px\" \/><\/figure>\n\n\n\n<figure class=\"wp-block-image size-full\"><img loading=\"lazy\" decoding=\"async\" width=\"1024\" height=\"683\" data-id=\"1622\" src=\"https:\/\/crca-ti.com.mx\/wp-content\/uploads\/2023\/09\/Los-mejores-modelos-de-fotocopiadora-Ricoh-1024x683-1.jpg\" alt=\"\" class=\"wp-image-1622\" srcset=\"https:\/\/crca-ti.com.mx\/wp-content\/uploads\/2023\/09\/Los-mejores-modelos-de-fotocopiadora-Ricoh-1024x683-1.jpg 1024w, https:\/\/crca-ti.com.mx\/wp-content\/uploads\/2023\/09\/Los-mejores-modelos-de-fotocopiadora-Ricoh-1024x683-1-600x400.jpg 600w, https:\/\/crca-ti.com.mx\/wp-content\/uploads\/2023\/09\/Los-mejores-modelos-de-fotocopiadora-Ricoh-1024x683-1-500x333.jpg 500w, https:\/\/crca-ti.com.mx\/wp-content\/uploads\/2023\/09\/Los-mejores-modelos-de-fotocopiadora-Ricoh-1024x683-1-300x200.jpg 300w, https:\/\/crca-ti.com.mx\/wp-content\/uploads\/2023\/09\/Los-mejores-modelos-de-fotocopiadora-Ricoh-1024x683-1-768x512.jpg 768w\" sizes=\"auto, (max-width: 1024px) 100vw, 1024px\" \/><\/figure>\n\n\n\n<figure class=\"wp-block-image size-full\"><img loading=\"lazy\" decoding=\"async\" width=\"240\" height=\"250\" data-id=\"1629\" src=\"https:\/\/crca-ti.com.mx\/wp-content\/uploads\/2023\/09\/CP-BROTHER-DCP-L5650DN-1.jpg\" alt=\"\" class=\"wp-image-1629\"\/><\/figure>\n<\/figure>\n<\/div><\/div>\n\n\n\n<div class=\"wp-block-uagb-container uagb-block-40dcf50b alignfull uagb-is-root-container\"><div class=\"uagb-container-inner-blocks-wrap\">\n<div class=\"wp-block-uagb-container uagb-block-98eff095\">\n<div class=\"wp-block-uagb-advanced-heading uagb-block-73a5a8b4\"><\/div>\n\n\n\n<div class=\"wp-block-uagb-advanced-heading uagb-block-1cc57cce\"><h2 class=\"uagb-heading-text\">Renta de impresoras\u200b<\/h2><p class=\"uagb-desc-text\">La renta es por d\u00eda,semana,mes,a\u00f1o sin plazos forzosos  nos adecuamos a tus necesidades.<\/p><\/div>\n\n\n\n<div class=\"wp-block-uagb-container uagb-block-50144208\">\n<div class=\"wp-block-uagb-icon-list uagb-block-cdcf1494\"><div class=\"uagb-icon-list__wrap\">\n<div class=\"wp-block-uagb-icon-list-child uagb-block-30527aae\"><a target=\"_self\" aria-label=\"Multifuncionales  B\/N\u200b\" rel=\"noopener noreferrer\" href=\"#\"> <\/a><span class=\"uagb-icon-list__source-wrap\"><svg xmlns=\"https:\/\/www.w3.org\/2000\/svg\" viewBox=\"0 0 512 512\"><path d=\"M288 256C288 273.7 273.7 288 256 288C238.3 288 224 273.7 224 256C224 238.3 238.3 224 256 224C273.7 224 288 238.3 288 256zM112 256C112 176.5 176.5 112 256 112C335.5 112 400 176.5 400 256C400 335.5 335.5 400 256 400C176.5 400 112 335.5 112 256zM256 336C300.2 336 336 300.2 336 256C336 211.8 300.2 176 256 176C211.8 176 176 211.8 176 256C176 300.2 211.8 336 256 336zM512 256C512 397.4 397.4 512 256 512C114.6 512 0 397.4 0 256C0 114.6 114.6 0 256 0C397.4 0 512 114.6 512 256zM256 64C149.1 64 64 149.1 64 256C64 362 149.1 448 256 448C362 448 448 362 448 256C448 149.1 362 64 256 64z\"><\/path><\/svg><\/span><span class=\"uagb-icon-list__label\">Multifuncionales  B\/N\u200b<\/span><\/div>\n\n\n\n<div class=\"wp-block-uagb-icon-list-child uagb-block-fb708c65\"><a target=\"_self\" aria-label=\"Multifuncionales Color\u200b\" rel=\"noopener noreferrer\" href=\"#\"> <\/a><span class=\"uagb-icon-list__source-wrap\"><svg xmlns=\"https:\/\/www.w3.org\/2000\/svg\" viewBox=\"0 0 512 512\"><path d=\"M288 256C288 273.7 273.7 288 256 288C238.3 288 224 273.7 224 256C224 238.3 238.3 224 256 224C273.7 224 288 238.3 288 256zM112 256C112 176.5 176.5 112 256 112C335.5 112 400 176.5 400 256C400 335.5 335.5 400 256 400C176.5 400 112 335.5 112 256zM256 336C300.2 336 336 300.2 336 256C336 211.8 300.2 176 256 176C211.8 176 176 211.8 176 256C176 300.2 211.8 336 256 336zM512 256C512 397.4 397.4 512 256 512C114.6 512 0 397.4 0 256C0 114.6 114.6 0 256 0C397.4 0 512 114.6 512 256zM256 64C149.1 64 64 149.1 64 256C64 362 149.1 448 256 448C362 448 448 362 448 256C448 149.1 362 64 256 64z\"><\/path><\/svg><\/span><span class=\"uagb-icon-list__label\">Multifuncionales Color\u200b<\/span><\/div>\n\n\n\n<div class=\"wp-block-uagb-icon-list-child uagb-block-fcd9c357\"><a target=\"_self\" aria-label=\"Soporte t\u00e9cnico\u200b\" rel=\"noopener noreferrer\" href=\"#\"> <\/a><span class=\"uagb-icon-list__source-wrap\"><svg xmlns=\"https:\/\/www.w3.org\/2000\/svg\" viewBox=\"0 0 512 512\"><path d=\"M288 256C288 273.7 273.7 288 256 288C238.3 288 224 273.7 224 256C224 238.3 238.3 224 256 224C273.7 224 288 238.3 288 256zM112 256C112 176.5 176.5 112 256 112C335.5 112 400 176.5 400 256C400 335.5 335.5 400 256 400C176.5 400 112 335.5 112 256zM256 336C300.2 336 336 300.2 336 256C336 211.8 300.2 176 256 176C211.8 176 176 211.8 176 256C176 300.2 211.8 336 256 336zM512 256C512 397.4 397.4 512 256 512C114.6 512 0 397.4 0 256C0 114.6 114.6 0 256 0C397.4 0 512 114.6 512 256zM256 64C149.1 64 64 149.1 64 256C64 362 149.1 448 256 448C362 448 448 362 448 256C448 149.1 362 64 256 64z\"><\/path><\/svg><\/span><span class=\"uagb-icon-list__label\">Soporte t\u00e9cnico\u200b<\/span><\/div>\n<\/div><\/div>\n\n\n\n<div class=\"wp-block-uagb-icon-list uagb-block-c8c1b7f4\"><div class=\"uagb-icon-list__wrap\">\n<div class=\"wp-block-uagb-icon-list-child uagb-block-ecd5888a\"><a target=\"_self\" aria-label=\"Impresoras B\/N\u200b\" rel=\"noopener noreferrer\" href=\"#\"> <\/a><span class=\"uagb-icon-list__source-wrap\"><svg xmlns=\"https:\/\/www.w3.org\/2000\/svg\" viewBox=\"0 0 512 512\"><path d=\"M288 256C288 273.7 273.7 288 256 288C238.3 288 224 273.7 224 256C224 238.3 238.3 224 256 224C273.7 224 288 238.3 288 256zM112 256C112 176.5 176.5 112 256 112C335.5 112 400 176.5 400 256C400 335.5 335.5 400 256 400C176.5 400 112 335.5 112 256zM256 336C300.2 336 336 300.2 336 256C336 211.8 300.2 176 256 176C211.8 176 176 211.8 176 256C176 300.2 211.8 336 256 336zM512 256C512 397.4 397.4 512 256 512C114.6 512 0 397.4 0 256C0 114.6 114.6 0 256 0C397.4 0 512 114.6 512 256zM256 64C149.1 64 64 149.1 64 256C64 362 149.1 448 256 448C362 448 448 362 448 256C448 149.1 362 64 256 64z\"><\/path><\/svg><\/span><span class=\"uagb-icon-list__label\">Impresoras B\/N\u200b<\/span><\/div>\n\n\n\n<div class=\"wp-block-uagb-icon-list-child uagb-block-9616de11\"><a target=\"_self\" aria-label=\"Impresoras Color\u200b\" rel=\"noopener noreferrer\" href=\"#\"> <\/a><span class=\"uagb-icon-list__source-wrap\"><svg xmlns=\"https:\/\/www.w3.org\/2000\/svg\" viewBox=\"0 0 512 512\"><path d=\"M288 256C288 273.7 273.7 288 256 288C238.3 288 224 273.7 224 256C224 238.3 238.3 224 256 224C273.7 224 288 238.3 288 256zM112 256C112 176.5 176.5 112 256 112C335.5 112 400 176.5 400 256C400 335.5 335.5 400 256 400C176.5 400 112 335.5 112 256zM256 336C300.2 336 336 300.2 336 256C336 211.8 300.2 176 256 176C211.8 176 176 211.8 176 256C176 300.2 211.8 336 256 336zM512 256C512 397.4 397.4 512 256 512C114.6 512 0 397.4 0 256C0 114.6 114.6 0 256 0C397.4 0 512 114.6 512 256zM256 64C149.1 64 64 149.1 64 256C64 362 149.1 448 256 448C362 448 448 362 448 256C448 149.1 362 64 256 64z\"><\/path><\/svg><\/span><span class=\"uagb-icon-list__label\">Impresoras Color\u200b<\/span><\/div>\n<\/div><\/div>\n<\/div>\n\n\n\n<div class=\"wp-block-uagb-buttons uagb-buttons__outer-wrap uagb-btn__default-btn uagb-btn-tablet__default-btn uagb-btn-mobile__default-btn uagb-block-32e888b7\"><div class=\"uagb-buttons__wrap uagb-buttons-layout-wrap \">\n<div class=\"wp-block-uagb-buttons-child uagb-buttons__outer-wrap uagb-block-27adbb15 wp-block-button is-style-outline\"><div class=\"uagb-button__wrapper\"><a class=\"uagb-buttons-repeater wp-block-button__link\" aria-label=\"\" href=\"#\" rel=\"follow noopener\" target=\"_self\" role=\"button\"><div class=\"uagb-button__link\">Informes<\/div><\/a><\/div><\/div>\n<\/div><\/div>\n<\/div>\n<\/div><\/div>\n\n\n\n<div class=\"wp-block-uagb-container uagb-block-18f0201e alignfull uagb-is-root-container\"><div class=\"uagb-container-inner-blocks-wrap\">\n<div class=\"wp-block-uagb-advanced-heading uagb-block-2fb0d48c\"><h2 class=\"uagb-heading-text\">CRCA-TI TECNOLOG\u00cdA CERCA DE TI<\/h2><\/div>\n\n\n\n<p><mark style=\"background-color:rgba(0, 0, 0, 0)\" class=\"has-inline-color has-ast-global-color-5-color\">ventas@crca-ti.com.mx<\/mark><\/p>\n\n\n\n<p><mark style=\"background-color:rgba(0, 0, 0, 0)\" class=\"has-inline-color has-ast-global-color-5-color\">Tel: 446-132-6517<\/mark>,<\/p>\n\n\n\n<p><mark style=\"background-color:rgba(0, 0, 0, 0)\" class=\"has-inline-color has-ast-global-color-5-color\">TU MEJOR OPCI\u00d3N EN IMPRESORAS<\/mark>, <mark style=\"background-color:rgba(0, 0, 0, 0)\" class=\"has-inline-color has-ast-global-color-5-color\">LAPTOPS Y ACCESORIOS<\/mark>,<\/p>\n<\/div><\/div>\n\n\n\n<p><\/p>\n","protected":false},"excerpt":{"rendered":"<p>CRCA-TI TECNOLOG\u00cdA CERCA DE TI PROXIMAMENTE TIENDA VIRTUAL DE ACCESORIOS,PAPELERIA Y EQUIPOS DE COMPUTO CONTACTANOS:\u200b TU MEJOR OPCI\u00d3N EN IMPRESORAS, LAPTOPS,ACCESORIOS,SOPORTE T\u00c9CNICO,VENTA DE SOFTWARE,RESPALDO DE INFORMACI\u00d3N. ALGUNOS DE NUESTROS CLIENTES: ARRENDAMIENTO DE IMPRESORAS Renta de impresoras\u200b La renta es por d\u00eda,semana,mes,a\u00f1o sin plazos forzosos nos adecuamos a tus necesidades. CRCA-TI TECNOLOG\u00cdA CERCA DE TI ventas@crca-ti.com.mx [&hellip;]<\/p>\n","protected":false},"author":1,"featured_media":0,"parent":0,"menu_order":0,"comment_status":"closed","ping_status":"closed","template":"","meta":{"_uag_custom_page_level_css":"","site-sidebar-layout":"no-sidebar","site-content-layout":"plain-container","ast-site-content-layout":"normal-width-container","site-content-style":"unboxed","site-sidebar-style":"unboxed","ast-global-header-display":"","ast-banner-title-visibility":"","ast-main-header-display":"","ast-hfb-above-header-display":"","ast-hfb-below-header-display":"","ast-hfb-mobile-header-display":"","site-post-title":"disabled","ast-breadcrumbs-content":"","ast-featured-img":"","footer-sml-layout":"","ast-disable-related-posts":"","theme-transparent-header-meta":"enabled","adv-header-id-meta":"","stick-header-meta":"","header-above-stick-meta":"","header-main-stick-meta":"","header-below-stick-meta":"","astra-migrate-meta-layouts":"set","ast-page-background-enabled":"default","ast-page-background-meta":{"desktop":{"background-color":"","background-image":"","background-repeat":"repeat","background-position":"center center","background-size":"auto","background-attachment":"scroll","background-type":"","background-media":"","overlay-type":"","overlay-color":"","overlay-opacity":"","overlay-gradient":""},"tablet":{"background-color":"","background-image":"","background-repeat":"repeat","background-position":"center center","background-size":"auto","background-attachment":"scroll","background-type":"","background-media":"","overlay-type":"","overlay-color":"","overlay-opacity":"","overlay-gradient":""},"mobile":{"background-color":"","background-image":"","background-repeat":"repeat","background-position":"center center","background-size":"auto","background-attachment":"scroll","background-type":"","background-media":"","overlay-type":"","overlay-color":"","overlay-opacity":"","overlay-gradient":""}},"ast-content-background-meta":{"desktop":{"background-color":"var(--ast-global-color-5)","background-image":"","background-repeat":"repeat","background-position":"center center","background-size":"auto","background-attachment":"scroll","background-type":"","background-media":"","overlay-type":"","overlay-color":"","overlay-opacity":"","overlay-gradient":""},"tablet":{"background-color":"var(--ast-global-color-5)","background-image":"","background-repeat":"repeat","background-position":"center center","background-size":"auto","background-attachment":"scroll","background-type":"","background-media":"","overlay-type":"","overlay-color":"","overlay-opacity":"","overlay-gradient":""},"mobile":{"background-color":"var(--ast-global-color-5)","background-image":"","background-repeat":"repeat","background-position":"center center","background-size":"auto","background-attachment":"scroll","background-type":"","background-media":"","overlay-type":"","overlay-color":"","overlay-opacity":"","overlay-gradient":""}},"footnotes":""},"class_list":["post-1193","page","type-page","status-publish","hentry"],"uagb_featured_image_src":{"full":false,"thumbnail":false,"medium":false,"medium_large":false,"large":false,"1536x1536":false,"2048x2048":false,"woocommerce_thumbnail":false,"woocommerce_single":false,"woocommerce_gallery_thumbnail":false},"uagb_author_info":{"display_name":"soporte.panini","author_link":"https:\/\/crca-ti.com.mx\/index.php\/author\/soporte-panini\/"},"uagb_comment_info":0,"uagb_excerpt":"CRCA-TI TECNOLOG\u00cdA CERCA DE TI PROXIMAMENTE TIENDA VIRTUAL DE ACCESORIOS,PAPELERIA Y EQUIPOS DE COMPUTO CONTACTANOS:\u200b TU MEJOR OPCI\u00d3N EN IMPRESORAS, LAPTOPS,ACCESORIOS,SOPORTE T\u00c9CNICO,VENTA DE SOFTWARE,RESPALDO DE INFORMACI\u00d3N. ALGUNOS DE NUESTROS CLIENTES: ARRENDAMIENTO DE IMPRESORAS Renta de impresoras\u200b La renta es por d\u00eda,semana,mes,a\u00f1o sin plazos forzosos nos adecuamos a tus necesidades. CRCA-TI TECNOLOG\u00cdA CERCA DE TI ventas@crca-ti.com.mx&hellip;","_links":{"self":[{"href":"https:\/\/crca-ti.com.mx\/index.php\/wp-json\/wp\/v2\/pages\/1193","targetHints":{"allow":["GET"]}}],"collection":[{"href":"https:\/\/crca-ti.com.mx\/index.php\/wp-json\/wp\/v2\/pages"}],"about":[{"href":"https:\/\/crca-ti.com.mx\/index.php\/wp-json\/wp\/v2\/types\/page"}],"author":[{"embeddable":true,"href":"https:\/\/crca-ti.com.mx\/index.php\/wp-json\/wp\/v2\/users\/1"}],"replies":[{"embeddable":true,"href":"https:\/\/crca-ti.com.mx\/index.php\/wp-json\/wp\/v2\/comments?post=1193"}],"version-history":[{"count":33,"href":"https:\/\/crca-ti.com.mx\/index.php\/wp-json\/wp\/v2\/pages\/1193\/revisions"}],"predecessor-version":[{"id":1719,"href":"https:\/\/crca-ti.com.mx\/index.php\/wp-json\/wp\/v2\/pages\/1193\/revisions\/1719"}],"wp:attachment":[{"href":"https:\/\/crca-ti.com.mx\/index.php\/wp-json\/wp\/v2\/media?parent=1193"}],"curies":[{"name":"wp","href":"https:\/\/api.w.org\/{rel}","templated":true}]}}